{"id":34,"date":"2021-06-28T15:21:09","date_gmt":"2021-06-28T15:21:09","guid":{"rendered":"https:\/\/desarro.io\/?page_id=34"},"modified":"2023-10-01T15:44:35","modified_gmt":"2023-10-01T15:44:35","slug":"blog","status":"publish","type":"page","link":"https:\/\/desarro.io\/en\/blog\/","title":{"rendered":"portfolio"},"content":{"rendered":"<div data-elementor-type=\"wp-page\" data-elementor-id=\"34\" class=\"elementor elementor-34\">\n\t\t\t\t\t\t<section class=\"elementor-section elementor-top-section elementor-element elementor-element-8af1f35 elementor-section-boxed elementor-section-height-default elementor-section-height-default\" data-id=\"8af1f35\" data-element_type=\"section\" data-settings=\"{&quot;background_background&quot;:&quot;classic&quot;}\">\n\t\t\t\t\t\t<div class=\"elementor-container elementor-column-gap-default\">\n\t\t\t\t\t<div class=\"elementor-column elementor-col-100 elementor-top-column elementor-element elementor-element-1a816d0 animated-slow elementor-invisible\" data-id=\"1a816d0\" data-element_type=\"column\" data-settings=\"{&quot;background_background&quot;:&quot;classic&quot;,&quot;animation&quot;:&quot;fadeInRight&quot;,&quot;animation_delay&quot;:500}\">\n\t\t\t<div class=\"elementor-widget-wrap elementor-element-populated\">\n\t\t\t\t\t<div class=\"elementor-background-overlay\"><\/div>\n\t\t\t\t\t\t<div class=\"elementor-element elementor-element-64290e1 elementor-widget elementor-widget-spacer\" data-id=\"64290e1\" data-element_type=\"widget\" data-widget_type=\"spacer.default\">\n\t\t\t\t<div class=\"elementor-widget-container\">\n\t\t\t\t\t\t\t<div class=\"elementor-spacer\">\n\t\t\t<div class=\"elementor-spacer-inner\"><\/div>\n\t\t<\/div>\n\t\t\t\t\t\t<\/div>\n\t\t\t\t<\/div>\n\t\t\t\t<div class=\"elementor-element elementor-element-ec8716f anwp-pg-post-teaser__post-icon--position-center anwp-pg-widget-header-style--b anwp-pg-post-teaser__post-icon--size-16 elementor-widget elementor-widget-anwp-pg-simple-grid\" data-id=\"ec8716f\" data-element_type=\"widget\" data-widget_type=\"anwp-pg-simple-grid.default\">\n\t\t\t\t<div class=\"elementor-widget-container\">\n\t\t\t\t\t<div class=\"anwp-pg-wrap\">\n\n\t\n\t<div class=\"d-flex anwp-row flex-wrap anwp-pg-simple-grid anwp-pg-posts-wrapper anwp-pg-simple-grid__gutter-thick\">\n\t\t<div class=\"anwp-pg-post-teaser anwp-pg-post-teaser--layout-c anwp-col-lg-4 anwp-col-sm-6 anwp-col-12\">\n\t<div class=\"anwp-pg-post-teaser__thumbnail position-relative\">\n\n\t\t\n\t\t\t\t\t<img loading=\"lazy\" class=\"anwp-pg-post-teaser__thumbnail-img d-block anwp-pg-height-310 anwp-pg-sm-height-310 anwp-pg-lg-height-300 anwp-object-cover m-0 w-100\"\n\t\t\t\talt=\"Tablero del \u00cdndice del Desarrollo Social de la Mujer y el Hombre en Pa\u00edses de Am\u00e9rica Latina 2023 &#8211; CENTRUM Think\"\n\t\t\t\tsrc=\"https:\/\/desarro.io\/wp-content\/uploads\/2023\/10\/tablero-centrum-25.png\"\/>\n\t\t\n\t\t<div class=\"anwp-pg-post-teaser__muted_bg\"><\/div>\n\t\t<div class=\"anwp-pg-post-teaser__thumbnail-bg anwp-position-cover\"><\/div>\n\n\t\t<div class=\"anwp-pg-post-teaser__content d-flex flex-column anwp-position-cover\">\n\t\t\t<div class=\"anwp-pg-post-teaser__top-meta d-flex mb-2\">\n\t\t\t\t\n\t\t\t<\/div>\n\n\t\t\t\n\t\t\t<div class=\"anwp-pg-post-teaser__bottom-block d-flex align-items-center position-relative py-4 px-1 mb-3 mt-auto\">\n\t\t\t\t\n\t\t\t\t<div class=\"anwp-pg-post-teaser__title anwp-font-heading\">\n\t\t\t\t\tsocial development index for latin american countries - dashboard for centrum pucp\t\t\t\t<\/div>\n\t\t\t<\/div>\n\t\t<\/div>\n\n\t\t<a class=\"anwp-position-cover anwp-link-without-effects\" href=\"https:\/\/desarro.io\/en\/2023\/03\/22\/tablero-indice-desarrollo-social-mujer-hombre-paises-america-latina-2023-centrum-think\/\" aria-hidden=\"true\" ><\/a>\n\t<\/div>\n<\/div>\n<div class=\"anwp-pg-post-teaser anwp-pg-post-teaser--layout-c anwp-col-lg-4 anwp-col-sm-6 anwp-col-12\">\n\t<div class=\"anwp-pg-post-teaser__thumbnail position-relative\">\n\n\t\t\n\t\t\t\t\t<img loading=\"lazy\" class=\"anwp-pg-post-teaser__thumbnail-img d-block anwp-pg-height-310 anwp-pg-sm-height-310 anwp-pg-lg-height-300 anwp-object-cover m-0 w-100\"\n\t\t\t\talt=\"Tablero del mapa del embarazo y la maternidad adolescentes en el per\u00fa &#8211; unfpa\"\n\t\t\t\tsrc=\"https:\/\/desarro.io\/wp-content\/uploads\/2023\/10\/tablero-mapa-unfpa-25.png\"\/>\n\t\t\n\t\t<div class=\"anwp-pg-post-teaser__muted_bg\"><\/div>\n\t\t<div class=\"anwp-pg-post-teaser__thumbnail-bg anwp-position-cover\"><\/div>\n\n\t\t<div class=\"anwp-pg-post-teaser__content d-flex flex-column anwp-position-cover\">\n\t\t\t<div class=\"anwp-pg-post-teaser__top-meta d-flex mb-2\">\n\t\t\t\t\n\t\t\t<\/div>\n\n\t\t\t\n\t\t\t<div class=\"anwp-pg-post-teaser__bottom-block d-flex align-items-center position-relative py-4 px-1 mb-3 mt-auto\">\n\t\t\t\t\n\t\t\t\t<div class=\"anwp-pg-post-teaser__title anwp-font-heading\">\n\t\t\t\t\tTeen Pregnancy and Maternity Dashboard \u2013 UNFPA\t\t\t\t<\/div>\n\t\t\t<\/div>\n\t\t<\/div>\n\n\t\t<a class=\"anwp-position-cover anwp-link-without-effects\" href=\"https:\/\/desarro.io\/en\/2022\/09\/26\/mapa-embarazo-maternidad-adolescentes-peru\/\" aria-hidden=\"true\" ><\/a>\n\t<\/div>\n<\/div>\n<div class=\"anwp-pg-post-teaser anwp-pg-post-teaser--layout-c anwp-col-lg-4 anwp-col-sm-6 anwp-col-12\">\n\t<div class=\"anwp-pg-post-teaser__thumbnail position-relative\">\n\n\t\t\n\t\t\t\t\t<img loading=\"lazy\" class=\"anwp-pg-post-teaser__thumbnail-img d-block anwp-pg-height-310 anwp-pg-sm-height-310 anwp-pg-lg-height-300 anwp-object-cover m-0 w-100\"\n\t\t\t\talt=\"evoluci\u00f3n departamental de la pobreza monetaria en el per\u00fa\"\n\t\t\t\tsrc=\"https:\/\/desarro.io\/wp-content\/uploads\/2023\/10\/small-multiples-25.png\"\/>\n\t\t\n\t\t<div class=\"anwp-pg-post-teaser__muted_bg\"><\/div>\n\t\t<div class=\"anwp-pg-post-teaser__thumbnail-bg anwp-position-cover\"><\/div>\n\n\t\t<div class=\"anwp-pg-post-teaser__content d-flex flex-column anwp-position-cover\">\n\t\t\t<div class=\"anwp-pg-post-teaser__top-meta d-flex mb-2\">\n\t\t\t\t\n\t\t\t<\/div>\n\n\t\t\t\n\t\t\t<div class=\"anwp-pg-post-teaser__bottom-block d-flex align-items-center position-relative py-4 px-1 mb-3 mt-auto\">\n\t\t\t\t\n\t\t\t\t<div class=\"anwp-pg-post-teaser__title anwp-font-heading\">\n\t\t\t\t\trecent evolution of poverty in peru\t\t\t\t<\/div>\n\t\t\t<\/div>\n\t\t<\/div>\n\n\t\t<a class=\"anwp-position-cover anwp-link-without-effects\" href=\"https:\/\/desarro.io\/en\/2022\/05\/10\/evolucion-departamental-pobreza-2013-2021\/\" aria-hidden=\"true\" ><\/a>\n\t<\/div>\n<\/div>\n<div class=\"anwp-pg-post-teaser anwp-pg-post-teaser--layout-c anwp-col-lg-4 anwp-col-sm-6 anwp-col-12\">\n\t<div class=\"anwp-pg-post-teaser__thumbnail position-relative\">\n\n\t\t\n\t\t\t\t\t<img loading=\"lazy\" class=\"anwp-pg-post-teaser__thumbnail-img d-block anwp-pg-height-310 anwp-pg-sm-height-310 anwp-pg-lg-height-300 anwp-object-cover m-0 w-100\"\n\t\t\t\talt=\"visualizaciones sobre aseguramiento en salud en el Per\u00fa\"\n\t\t\t\tsrc=\"https:\/\/desarro.io\/wp-content\/uploads\/2023\/10\/cover-aseguramiento-salud-25.png\"\/>\n\t\t\n\t\t<div class=\"anwp-pg-post-teaser__muted_bg\"><\/div>\n\t\t<div class=\"anwp-pg-post-teaser__thumbnail-bg anwp-position-cover\"><\/div>\n\n\t\t<div class=\"anwp-pg-post-teaser__content d-flex flex-column anwp-position-cover\">\n\t\t\t<div class=\"anwp-pg-post-teaser__top-meta d-flex mb-2\">\n\t\t\t\t\n\t\t\t<\/div>\n\n\t\t\t\n\t\t\t<div class=\"anwp-pg-post-teaser__bottom-block d-flex align-items-center position-relative py-4 px-1 mb-3 mt-auto\">\n\t\t\t\t\n\t\t\t\t<div class=\"anwp-pg-post-teaser__title anwp-font-heading\">\n\t\t\t\t\tdata visualizations on health insurance in peru\t\t\t\t<\/div>\n\t\t\t<\/div>\n\t\t<\/div>\n\n\t\t<a class=\"anwp-position-cover anwp-link-without-effects\" href=\"https:\/\/desarro.io\/en\/2022\/04\/08\/visualizaciones-sobre-aseguramiento-en-salud-en-el-peru-con-datos-censales\/\" aria-hidden=\"true\" ><\/a>\n\t<\/div>\n<\/div>\n<div class=\"anwp-pg-post-teaser anwp-pg-post-teaser--layout-c anwp-col-lg-4 anwp-col-sm-6 anwp-col-12\">\n\t<div class=\"anwp-pg-post-teaser__thumbnail position-relative\">\n\n\t\t\n\t\t\t\t\t<img loading=\"lazy\" class=\"anwp-pg-post-teaser__thumbnail-img d-block anwp-pg-height-310 anwp-pg-sm-height-310 anwp-pg-lg-height-300 anwp-object-cover m-0 w-100\"\n\t\t\t\talt=\"de qu\u00e9 mujeres hablan nuestras calles: nombres de mujeres en calles de Lima y Callao\"\n\t\t\t\tsrc=\"https:\/\/desarro.io\/wp-content\/uploads\/2023\/10\/map-twitter-25.png\"\/>\n\t\t\n\t\t<div class=\"anwp-pg-post-teaser__muted_bg\"><\/div>\n\t\t<div class=\"anwp-pg-post-teaser__thumbnail-bg anwp-position-cover\"><\/div>\n\n\t\t<div class=\"anwp-pg-post-teaser__content d-flex flex-column anwp-position-cover\">\n\t\t\t<div class=\"anwp-pg-post-teaser__top-meta d-flex mb-2\">\n\t\t\t\t\n\t\t\t<\/div>\n\n\t\t\t\n\t\t\t<div class=\"anwp-pg-post-teaser__bottom-block d-flex align-items-center position-relative py-4 px-1 mb-3 mt-auto\">\n\t\t\t\t\n\t\t\t\t<div class=\"anwp-pg-post-teaser__title anwp-font-heading\">\n\t\t\t\t\tStreets Named After Women in Lima and Callao\t\t\t\t<\/div>\n\t\t\t<\/div>\n\t\t<\/div>\n\n\t\t<a class=\"anwp-position-cover anwp-link-without-effects\" href=\"https:\/\/desarro.io\/en\/2022\/03\/08\/calles-nombres-mujeres-lima-callao\/\" aria-hidden=\"true\" ><\/a>\n\t<\/div>\n<\/div>\n<div class=\"anwp-pg-post-teaser anwp-pg-post-teaser--layout-c anwp-col-lg-4 anwp-col-sm-6 anwp-col-12\">\n\t<div class=\"anwp-pg-post-teaser__thumbnail position-relative\">\n\n\t\t\n\t\t\t\t\t<img loading=\"lazy\" class=\"anwp-pg-post-teaser__thumbnail-img d-block anwp-pg-height-310 anwp-pg-sm-height-310 anwp-pg-lg-height-300 anwp-object-cover m-0 w-100\"\n\t\t\t\talt=\"muertes maternas y planificaci\u00f3n familiar: necesidades de inversi\u00f3n\"\n\t\t\t\tsrc=\"https:\/\/desarro.io\/wp-content\/uploads\/2023\/10\/estudio-inversion-25.png\"\/>\n\t\t\n\t\t<div class=\"anwp-pg-post-teaser__muted_bg\"><\/div>\n\t\t<div class=\"anwp-pg-post-teaser__thumbnail-bg anwp-position-cover\"><\/div>\n\n\t\t<div class=\"anwp-pg-post-teaser__content d-flex flex-column anwp-position-cover\">\n\t\t\t<div class=\"anwp-pg-post-teaser__top-meta d-flex mb-2\">\n\t\t\t\t\n\t\t\t<\/div>\n\n\t\t\t\n\t\t\t<div class=\"anwp-pg-post-teaser__bottom-block d-flex align-items-center position-relative py-4 px-1 mb-3 mt-auto\">\n\t\t\t\t\n\t\t\t\t<div class=\"anwp-pg-post-teaser__title anwp-font-heading\">\n\t\t\t\t\tmaternal deaths and family planning: investment needs\t\t\t\t<\/div>\n\t\t\t<\/div>\n\t\t<\/div>\n\n\t\t<a class=\"anwp-position-cover anwp-link-without-effects\" href=\"https:\/\/desarro.io\/en\/2021\/12\/03\/estudio-inversion-muertes-maternas-planificacion-familiar\/\" aria-hidden=\"true\" ><\/a>\n\t<\/div>\n<\/div>\n<div class=\"anwp-pg-post-teaser anwp-pg-post-teaser--layout-c anwp-col-lg-4 anwp-col-sm-6 anwp-col-12\">\n\t<div class=\"anwp-pg-post-teaser__thumbnail position-relative\">\n\n\t\t\n\t\t\t\t\t<img loading=\"lazy\" class=\"anwp-pg-post-teaser__thumbnail-img d-block anwp-pg-height-310 anwp-pg-sm-height-310 anwp-pg-lg-height-300 anwp-object-cover m-0 w-100\"\n\t\t\t\talt=\"datos demogr\u00e1ficos de presidentes del consejo de ministros del per\u00fa\"\n\t\t\t\tsrc=\"https:\/\/desarro.io\/wp-content\/uploads\/2023\/10\/demograficos-ministros-25.png\"\/>\n\t\t\n\t\t<div class=\"anwp-pg-post-teaser__muted_bg\"><\/div>\n\t\t<div class=\"anwp-pg-post-teaser__thumbnail-bg anwp-position-cover\"><\/div>\n\n\t\t<div class=\"anwp-pg-post-teaser__content d-flex flex-column anwp-position-cover\">\n\t\t\t<div class=\"anwp-pg-post-teaser__top-meta d-flex mb-2\">\n\t\t\t\t\n\t\t\t<\/div>\n\n\t\t\t\n\t\t\t<div class=\"anwp-pg-post-teaser__bottom-block d-flex align-items-center position-relative py-4 px-1 mb-3 mt-auto\">\n\t\t\t\t\n\t\t\t\t<div class=\"anwp-pg-post-teaser__title anwp-font-heading\">\n\t\t\t\t\tDemographic Data of Prime Ministers of Peru\t\t\t\t<\/div>\n\t\t\t<\/div>\n\t\t<\/div>\n\n\t\t<a class=\"anwp-position-cover anwp-link-without-effects\" href=\"https:\/\/desarro.io\/en\/2021\/08\/27\/datos-demograficos-presidentes-consejo-ministros\/\" aria-hidden=\"true\" ><\/a>\n\t<\/div>\n<\/div>\n<div class=\"anwp-pg-post-teaser anwp-pg-post-teaser--layout-c anwp-col-lg-4 anwp-col-sm-6 anwp-col-12\">\n\t<div class=\"anwp-pg-post-teaser__thumbnail position-relative\">\n\n\t\t\n\t\t\t\t\t<img loading=\"lazy\" class=\"anwp-pg-post-teaser__thumbnail-img d-block anwp-pg-height-310 anwp-pg-sm-height-310 anwp-pg-lg-height-300 anwp-object-cover m-0 w-100\"\n\t\t\t\talt=\"Mujeres como ministras de estado 2001-2021\"\n\t\t\t\tsrc=\"https:\/\/desarro.io\/wp-content\/uploads\/2023\/10\/ministras-25.png\"\/>\n\t\t\n\t\t<div class=\"anwp-pg-post-teaser__muted_bg\"><\/div>\n\t\t<div class=\"anwp-pg-post-teaser__thumbnail-bg anwp-position-cover\"><\/div>\n\n\t\t<div class=\"anwp-pg-post-teaser__content d-flex flex-column anwp-position-cover\">\n\t\t\t<div class=\"anwp-pg-post-teaser__top-meta d-flex mb-2\">\n\t\t\t\t\n\t\t\t<\/div>\n\n\t\t\t\n\t\t\t<div class=\"anwp-pg-post-teaser__bottom-block d-flex align-items-center position-relative py-4 px-1 mb-3 mt-auto\">\n\t\t\t\t\n\t\t\t\t<div class=\"anwp-pg-post-teaser__title anwp-font-heading\">\n\t\t\t\t\tFemale prime ministers of Peru 2001-2021\t\t\t\t<\/div>\n\t\t\t<\/div>\n\t\t<\/div>\n\n\t\t<a class=\"anwp-position-cover anwp-link-without-effects\" href=\"https:\/\/desarro.io\/en\/2021\/07\/30\/mujeres-ministras-2001-2021\/\" aria-hidden=\"true\" ><\/a>\n\t<\/div>\n<\/div>\n<div class=\"anwp-pg-post-teaser anwp-pg-post-teaser--layout-c anwp-col-lg-4 anwp-col-sm-6 anwp-col-12\">\n\t<div class=\"anwp-pg-post-teaser__thumbnail position-relative\">\n\n\t\t\n\t\t\t\t\t<img loading=\"lazy\" class=\"anwp-pg-post-teaser__thumbnail-img d-block anwp-pg-height-310 anwp-pg-sm-height-310 anwp-pg-lg-height-300 anwp-object-cover m-0 w-100\"\n\t\t\t\talt=\"una mirada a los mensajes presidenciales de 28 de julio\"\n\t\t\t\tsrc=\"https:\/\/desarro.io\/wp-content\/uploads\/2023\/10\/discursos-25.png\"\/>\n\t\t\n\t\t<div class=\"anwp-pg-post-teaser__muted_bg\"><\/div>\n\t\t<div class=\"anwp-pg-post-teaser__thumbnail-bg anwp-position-cover\"><\/div>\n\n\t\t<div class=\"anwp-pg-post-teaser__content d-flex flex-column anwp-position-cover\">\n\t\t\t<div class=\"anwp-pg-post-teaser__top-meta d-flex mb-2\">\n\t\t\t\t\n\t\t\t<\/div>\n\n\t\t\t\n\t\t\t<div class=\"anwp-pg-post-teaser__bottom-block d-flex align-items-center position-relative py-4 px-1 mb-3 mt-auto\">\n\t\t\t\t\n\t\t\t\t<div class=\"anwp-pg-post-teaser__title anwp-font-heading\">\n\t\t\t\t\tAn Overview of Presidential Messages on July 28th\t\t\t\t<\/div>\n\t\t\t<\/div>\n\t\t<\/div>\n\n\t\t<a class=\"anwp-position-cover anwp-link-without-effects\" href=\"https:\/\/desarro.io\/en\/2021\/07\/28\/mirada-mensajes-presidenciales\/\" aria-hidden=\"true\" ><\/a>\n\t<\/div>\n<\/div>\n\t<\/div>\n\t\n\t<\/div>\n\t\t\t\t<\/div>\n\t\t\t\t<\/div>\n\t\t\t\t<div class=\"elementor-element elementor-element-a7e3033 elementor-widget elementor-widget-spacer\" data-id=\"a7e3033\" data-element_type=\"widget\" data-widget_type=\"spacer.default\">\n\t\t\t\t<div class=\"elementor-widget-container\">\n\t\t\t\t\t\t\t<div class=\"elementor-spacer\">\n\t\t\t<div class=\"elementor-spacer-inner\"><\/div>\n\t\t<\/div>\n\t\t\t\t\t\t<\/div>\n\t\t\t\t<\/div>\n\t\t\t\t\t<\/div>\n\t\t<\/div>\n\t\t\t\t\t<\/div>\n\t\t<\/section>\n\t\t\t\t<section class=\"elementor-section elementor-top-section elementor-element elementor-element-4f502ee elementor-section-boxed elementor-section-height-default elementor-section-height-default\" data-id=\"4f502ee\" data-element_type=\"section\">\n\t\t\t\t\t\t<div class=\"elementor-container elementor-column-gap-default\">\n\t\t\t\t\t<div class=\"elementor-column elementor-col-100 elementor-top-column elementor-element elementor-element-add77c9\" data-id=\"add77c9\" data-element_type=\"column\">\n\t\t\t<div class=\"elementor-widget-wrap elementor-element-populated\">\n\t\t\t\t\t\t<section class=\"elementor-section elementor-inner-section elementor-element elementor-element-5aefaac elementor-section-boxed elementor-section-height-default elementor-section-height-default\" data-id=\"5aefaac\" data-element_type=\"section\">\n\t\t\t\t\t\t<div class=\"elementor-container elementor-column-gap-default\">\n\t\t\t\t\t<div class=\"elementor-column elementor-col-33 elementor-inner-column elementor-element elementor-element-24c721d\" data-id=\"24c721d\" data-element_type=\"column\">\n\t\t\t<div class=\"elementor-widget-wrap\">\n\t\t\t\t\t\t\t<\/div>\n\t\t<\/div>\n\t\t\t\t<div class=\"elementor-column elementor-col-66 elementor-inner-column elementor-element elementor-element-6cce116\" data-id=\"6cce116\" data-element_type=\"column\">\n\t\t\t<div class=\"elementor-widget-wrap\">\n\t\t\t\t\t\t\t<\/div>\n\t\t<\/div>\n\t\t\t\t\t<\/div>\n\t\t<\/section>\n\t\t\t\t\t<\/div>\n\t\t<\/div>\n\t\t\t\t\t<\/div>\n\t\t<\/section>\n\t\t\t\t<\/div>","protected":false},"excerpt":{"rendered":"<p>desarro.io is an interdisciplinary public policy lab developing data-science-based solutions to improve social problems.<\/p>","protected":false},"author":3,"featured_media":2962,"parent":0,"menu_order":0,"comment_status":"closed","ping_status":"closed","template":"","meta":{"site-sidebar-layout":"no-sidebar","site-content-layout":"page-builder","ast-site-content-layout":"","site-content-style":"default","site-sidebar-style":"default","ast-global-header-display":"","ast-banner-title-visibility":"","ast-main-header-display":"","ast-hfb-above-header-display":"","ast-hfb-below-header-display":"","ast-hfb-mobile-header-display":"","site-post-title":"disabled","ast-breadcrumbs-content":"","ast-featured-img":"disabled","footer-sml-layout":"","theme-transparent-header-meta":"default","adv-header-id-meta":"","stick-header-meta":"","header-above-stick-meta":"","header-main-stick-meta":"","header-below-stick-meta":"","astra-migrate-meta-layouts":"","footnotes":""},"class_list":["post-34","page","type-page","status-publish","has-post-thumbnail","hentry"],"_links":{"self":[{"href":"https:\/\/desarro.io\/en\/wp-json\/wp\/v2\/pages\/34","targetHints":{"allow":["GET"]}}],"collection":[{"href":"https:\/\/desarro.io\/en\/wp-json\/wp\/v2\/pages"}],"about":[{"href":"https:\/\/desarro.io\/en\/wp-json\/wp\/v2\/types\/page"}],"author":[{"embeddable":true,"href":"https:\/\/desarro.io\/en\/wp-json\/wp\/v2\/users\/3"}],"replies":[{"embeddable":true,"href":"https:\/\/desarro.io\/en\/wp-json\/wp\/v2\/comments?post=34"}],"version-history":[{"count":92,"href":"https:\/\/desarro.io\/en\/wp-json\/wp\/v2\/pages\/34\/revisions"}],"predecessor-version":[{"id":3214,"href":"https:\/\/desarro.io\/en\/wp-json\/wp\/v2\/pages\/34\/revisions\/3214"}],"wp:featuredmedia":[{"embeddable":true,"href":"https:\/\/desarro.io\/en\/wp-json\/wp\/v2\/media\/2962"}],"wp:attachment":[{"href":"https:\/\/desarro.io\/en\/wp-json\/wp\/v2\/media?parent=34"}],"curies":[{"name":"wp","href":"https:\/\/api.w.org\/{rel}","templated":true}]}}